{"id":8225,"date":"2024-07-05T10:55:24","date_gmt":"2024-07-05T13:55:24","guid":{"rendered":"https:\/\/unionactiva.com\/?page_id=8225"},"modified":"2026-04-24T12:09:38","modified_gmt":"2026-04-24T15:09:38","slug":"contacto","status":"publish","type":"page","link":"https:\/\/unionactiva.com\/index.php\/contacto\/","title":{"rendered":"Contacto"},"content":{"rendered":"<p>[et_pb_section fb_built=\u00bb1&#8243; custom_padding_last_edited=\u00bbon|phone\u00bb admin_label=\u00bbHeader\u00bb _builder_version=\u00bb4.14.5&#8243; _module_preset=\u00bbdefault\u00bb use_background_color_gradient=\u00bbon\u00bb background_color_gradient_start=\u00bbrgba(18,17,93,0.4)\u00bb background_color_gradient_end=\u00bb#76c7c0&#8243; background_color_gradient_overlays_image=\u00bbon\u00bb background_image=\u00bbhttps:\/\/unionactiva.com\/wp-content\/uploads\/2024\/07\/contacto-fondo-final-scaled.jpg\u00bb custom_padding=\u00bb120px||0px|||\u00bb custom_padding_tablet=\u00bb100px||||false|false\u00bb custom_padding_phone=\u00bb60px||||false|false\u00bb use_background_color_gradient_tablet=\u00bbon\u00bb background_color_gradient_start_tablet=\u00bbrgba(255,255,255,0.6)\u00bb background_color_gradient_end_tablet=\u00bbrgba(255,255,255,0.6)\u00bb locked=\u00bboff\u00bb global_colors_info=\u00bb{}\u00bb][et_pb_row column_structure=\u00bb1_2,1_2&#8243; _builder_version=\u00bb4.9.10&#8243; _module_preset=\u00bbdefault\u00bb locked=\u00bboff\u00bb global_colors_info=\u00bb{}\u00bb][et_pb_column type=\u00bb1_2&#8243; _builder_version=\u00bb4.9.10&#8243; _module_preset=\u00bbdefault\u00bb global_colors_info=\u00bb{}\u00bb][\/et_pb_column][et_pb_column type=\u00bb1_2&#8243; _builder_version=\u00bb4.9.10&#8243; _module_preset=\u00bbdefault\u00bb global_colors_info=\u00bb{}\u00bb][et_pb_text _builder_version=\u00bb4.14.5&#8243; _module_preset=\u00bbd72c0383-6487-4f2c-ac5c-7d48a6376757&#8243; header_font=\u00bbMontserrat||||||||\u00bb header_text_color=\u00bb#FFFFFF\u00bb header_font_size=\u00bb115px\u00bb background_layout=\u00bbdark\u00bb custom_margin=\u00bb|-10%|||false|false\u00bb custom_margin_tablet=\u00bb|0%|||false|false\u00bb custom_margin_phone=\u00bb\u00bb custom_margin_last_edited=\u00bbon|tablet\u00bb custom_padding=\u00bb||||false|false\u00bb animation_direction=\u00bbtop\u00bb header_font_size_tablet=\u00bb10vw\u00bb header_font_size_phone=\u00bb\u00bb header_font_size_last_edited=\u00bbon|phone\u00bb locked=\u00bboff\u00bb global_colors_info=\u00bb{}\u00bb]<\/p>\n<h1>Contacto<\/h1>\n<p>[\/et_pb_text][\/et_pb_column][\/et_pb_row][et_pb_row column_structure=\u00bb1_2,1_2&#8243; _builder_version=\u00bb4.14.5&#8243; _module_preset=\u00bbdefault\u00bb custom_padding=\u00bb||0px|||\u00bb locked=\u00bboff\u00bb global_colors_info=\u00bb{}\u00bb][et_pb_column type=\u00bb1_2&#8243; _builder_version=\u00bb4.9.10&#8243; _module_preset=\u00bbdefault\u00bb z_index=\u00bb10&#8243; global_colors_info=\u00bb{}\u00bb][et_pb_image src=\u00bbhttps:\/\/unionactiva.com\/wp-content\/uploads\/2024\/07\/contacto1.jpg\u00bb title_text=\u00bbGroup of middle-aged people looking at camera smiling spend free\u00bb _builder_version=\u00bb4.14.5&#8243; _module_preset=\u00bbdefault\u00bb background_color=\u00bb#1F7A8C\u00bb max_height_tablet=\u00bb400px\u00bb max_height_phone=\u00bb\u00bb max_height_last_edited=\u00bbon|phone\u00bb custom_margin=\u00bb-80%||0px||false|false\u00bb custom_margin_tablet=\u00bb0%||||false|false\u00bb custom_margin_phone=\u00bb\u00bb custom_margin_last_edited=\u00bbon|desktop\u00bb locked=\u00bboff\u00bb global_colors_info=\u00bb{}\u00bb][\/et_pb_image][et_pb_button button_url=\u00bbhttps:\/\/wa.me\/+5493513918777&#8243; url_new_window=\u00bbon\u00bb button_text=\u00bbChatea con nosotros aqu\u00ed\u00bb button_alignment=\u00bbleft\u00bb _builder_version=\u00bb4.14.5&#8243; _module_preset=\u00bb453338d2-d507-41d5-af5a-025d56027e7e\u00bb custom_button=\u00bbon\u00bb button_text_size=\u00bb53px\u00bb button_text_color=\u00bb#F5F5F5&#8243; button_bg_color=\u00bb#003366&#8243; button_border_width=\u00bb0px\u00bb button_border_radius=\u00bb0px\u00bb button_font=\u00bbMontserrat||||||||\u00bb button_icon=\u00bb&#xf232;||fa||400&#8243; background_layout=\u00bbdark\u00bb custom_margin=\u00bb||||false|false\u00bb custom_margin_tablet=\u00bb-10%||||false|false\u00bb custom_margin_phone=\u00bb-20%||||false|false\u00bb custom_margin_last_edited=\u00bbon|desktop\u00bb custom_padding=\u00bb100px||||false|false\u00bb custom_padding_tablet=\u00bb60px||||false|false\u00bb custom_padding_phone=\u00bb40px||||false|false\u00bb custom_padding_last_edited=\u00bbon|phone\u00bb button_text_size_tablet=\u00bb40px\u00bb button_text_size_phone=\u00bb30px\u00bb button_text_size_last_edited=\u00bbon|phone\u00bb custom_css_main_element=\u00bbline-height: 1.2em !important;\u00bb locked=\u00bboff\u00bb global_colors_info=\u00bb{}\u00bb button_bg_color__hover=\u00bb#76c7c0&#8243; button_bg_color__hover_enabled=\u00bbon|hover\u00bb button_bg_enable_color__hover=\u00bbon\u00bb][\/et_pb_button][\/et_pb_column][et_pb_column type=\u00bb1_2&#8243; _builder_version=\u00bb4.14.5&#8243; _module_preset=\u00bbdefault\u00bb background_color=\u00bb#76c7c0&#8243; custom_padding=\u00bb80px|60px|16%|0px|false|false\u00bb custom_padding_tablet=\u00bb40px|30px|40px||true|false\u00bb custom_padding_phone=\u00bb|20px|||true|false\u00bb custom_padding_last_edited=\u00bbon|phone\u00bb box_shadow_style=\u00bbpreset4&#8243; box_shadow_horizontal=\u00bb-180px\u00bb box_shadow_vertical=\u00bb0px\u00bb box_shadow_color=\u00bb#76c7c0&#8243; global_colors_info=\u00bb{%22gcid-46874eab-1479-4e97-a380-8c3d8f036d9c%22:%91%22box_shadow_color%22%93}\u00bb][et_pb_text _builder_version=\u00bb4.14.5&#8243; _module_preset=\u00bb16a54059-cc81-4572-9c70-eda6a6c419bf\u00bb text_font=\u00bbMontserrat||||||||\u00bb text_text_color=\u00bb#FFFFFF\u00bb text_font_size=\u00bb19px\u00bb text_line_height=\u00bb1.8em\u00bb text_font_size_tablet=\u00bb15px\u00bb text_font_size_phone=\u00bb13px\u00bb text_font_size_last_edited=\u00bbon|phone\u00bb header_font_size_tablet=\u00bb55px\u00bb header_font_size_last_edited=\u00bboff|desktop\u00bb locked=\u00bboff\u00bb global_colors_info=\u00bb{}\u00bb]<\/p>\n<p>\u00a1Hablemos! Ll\u00e1manos o env\u00edanos mensaje. El equipo de Union Activa est\u00e1 aqu\u00ed para atender cualquier inquietud o pregunta. \u00a1Estamos ansiosos por conocerte!<\/p>\n<p>[\/et_pb_text][et_pb_blurb title=\u00bbWhatsapp\u00bb use_icon=\u00bbon\u00bb font_icon=\u00bb&#xf232;||fa||400&#8243; icon_color=\u00bb#003366&#8243; icon_placement=\u00bbleft\u00bb image_icon_width=\u00bb28px\u00bb content_max_width=\u00bb100%\u00bb image_icon_width_tablet=\u00bb18px\u00bb image_icon_width_phone=\u00bb18px\u00bb image_icon_width_last_edited=\u00bbon|phone\u00bb _builder_version=\u00bb4.14.5&#8243; _module_preset=\u00bb794e3381-eaa8-4dd9-ae78-e1c4b9119be9&#8243; header_font=\u00bbMontserrat||||||||\u00bb header_text_color=\u00bb#FFFFFF\u00bb header_font_size=\u00bb24px\u00bb header_line_height=\u00bb1.4em\u00bb body_font=\u00bbMontserrat||||||||\u00bb body_text_color=\u00bb#FFFFFF\u00bb body_font_size=\u00bb16px\u00bb body_line_height=\u00bb1.8em\u00bb body_link_font=\u00bb||||on||||\u00bb body_link_text_color=\u00bb#FFFFFF\u00bb custom_padding=\u00bb20px||20px||true|false\u00bb custom_padding_tablet=\u00bb15px||15px||true|false\u00bb custom_padding_phone=\u00bb10px||10px||true|false\u00bb custom_padding_last_edited=\u00bbon|phone\u00bb animation=\u00bboff\u00bb header_font_size_tablet=\u00bb16px\u00bb header_font_size_phone=\u00bb\u00bb header_font_size_last_edited=\u00bbon|phone\u00bb icon_font_size=\u00bb20px\u00bb icon_font_size_tablet=\u00bb18px\u00bb icon_font_size_phone=\u00bb\u00bb icon_font_size_last_edited=\u00bbon|phone\u00bb locked=\u00bboff\u00bb global_colors_info=\u00bb{}\u00bb]<\/p>\n<p>+ 54 9 351 3918777<\/p>\n<p>[\/et_pb_blurb][et_pb_blurb title=\u00bbTel\u00e9fono\u00bb use_icon=\u00bbon\u00bb font_icon=\u00bb&#xe090;||divi||400&#8243; icon_color=\u00bb#003366&#8243; icon_placement=\u00bbleft\u00bb image_icon_width=\u00bb28px\u00bb content_max_width=\u00bb100%\u00bb image_icon_width_tablet=\u00bb18px\u00bb image_icon_width_phone=\u00bb18px\u00bb image_icon_width_last_edited=\u00bbon|phone\u00bb _builder_version=\u00bb4.14.5&#8243; _module_preset=\u00bb794e3381-eaa8-4dd9-ae78-e1c4b9119be9&#8243; header_font=\u00bbMontserrat||||||||\u00bb header_text_color=\u00bb#FFFFFF\u00bb header_font_size=\u00bb24px\u00bb header_line_height=\u00bb1.4em\u00bb body_font=\u00bbMontserrat||||||||\u00bb body_text_color=\u00bb#FFFFFF\u00bb body_font_size=\u00bb16px\u00bb body_line_height=\u00bb1.8em\u00bb body_link_font=\u00bb||||on||||\u00bb body_link_text_color=\u00bb#FFFFFF\u00bb custom_padding=\u00bb20px||20px||true|false\u00bb custom_padding_tablet=\u00bb15px||15px||true|false\u00bb custom_padding_phone=\u00bb10px||10px||true|false\u00bb custom_padding_last_edited=\u00bbon|phone\u00bb animation=\u00bboff\u00bb header_font_size_tablet=\u00bb16px\u00bb header_font_size_phone=\u00bb\u00bb header_font_size_last_edited=\u00bbon|phone\u00bb icon_font_size=\u00bb20px\u00bb icon_font_size_tablet=\u00bb18px\u00bb icon_font_size_phone=\u00bb\u00bb icon_font_size_last_edited=\u00bbon|phone\u00bb locked=\u00bboff\u00bb global_colors_info=\u00bb{}\u00bb]<\/p>\n<p>+ 54 9 351 3918777<\/p>\n<p>[\/et_pb_blurb][et_pb_blurb title=\u00bbEmail\u00bb use_icon=\u00bbon\u00bb font_icon=\u00bb&#xe076;||divi||400&#8243; icon_color=\u00bb#003366&#8243; icon_placement=\u00bbleft\u00bb image_icon_width=\u00bb28px\u00bb content_max_width=\u00bb100%\u00bb image_icon_width_tablet=\u00bb18px\u00bb image_icon_width_phone=\u00bb18px\u00bb image_icon_width_last_edited=\u00bbon|phone\u00bb _builder_version=\u00bb4.14.5&#8243; _module_preset=\u00bb794e3381-eaa8-4dd9-ae78-e1c4b9119be9&#8243; header_font=\u00bbMontserrat||||||||\u00bb header_text_color=\u00bb#FFFFFF\u00bb header_font_size=\u00bb24px\u00bb header_line_height=\u00bb1.4em\u00bb body_font=\u00bbMontserrat||||||||\u00bb body_text_color=\u00bb#FFFFFF\u00bb body_font_size=\u00bb16px\u00bb body_line_height=\u00bb1.8em\u00bb body_link_font=\u00bb||||on||||\u00bb body_link_text_color=\u00bb#FFFFFF\u00bb custom_padding=\u00bb20px||20px||true|false\u00bb custom_padding_tablet=\u00bb15px||15px||true|false\u00bb custom_padding_phone=\u00bb10px||10px||true|false\u00bb custom_padding_last_edited=\u00bbon|phone\u00bb animation=\u00bboff\u00bb header_font_size_tablet=\u00bb16px\u00bb header_font_size_phone=\u00bb\u00bb header_font_size_last_edited=\u00bbon|phone\u00bb icon_font_size=\u00bb20px\u00bb icon_font_size_tablet=\u00bb18px\u00bb icon_font_size_phone=\u00bb\u00bb icon_font_size_last_edited=\u00bbon|phone\u00bb locked=\u00bboff\u00bb global_colors_info=\u00bb{}\u00bb]<\/p>\n<p>hola@unionactiva.com<\/p>\n<p>[\/et_pb_blurb][\/et_pb_column][\/et_pb_row][\/et_pb_section][et_pb_section fb_built=\u00bb1&#8243; admin_label=\u00bbFAQ\u00bb _builder_version=\u00bb4.14.5&#8243; background_color=\u00bb#f5f5f5&#8243; custom_padding=\u00bb80px|0px|54px|0px|false|false\u00bb global_colors_info=\u00bb{}\u00bb disabled_on=\u00bbon|on|on\u00bb disabled=\u00bbon\u00bb][et_pb_row _builder_version=\u00bb3.25&#8243; locked=\u00bboff\u00bb global_colors_info=\u00bb{}\u00bb][et_pb_column type=\u00bb4_4&#8243; _builder_version=\u00bb3.25&#8243; custom_padding=\u00bb|||\u00bb global_colors_info=\u00bb{}\u00bb custom_padding__hover=\u00bb|||\u00bb][et_pb_text _builder_version=\u00bb4.14.5&#8243; _module_preset=\u00bbdefault\u00bb text_font=\u00bbMontserrat|700|||||||\u00bb text_text_color=\u00bb#333333&#8243; text_font_size=\u00bb41px\u00bb text_letter_spacing=\u00bb2px\u00bb text_line_height=\u00bb0.8em\u00bb text_orientation=\u00bbcenter\u00bb custom_margin=\u00bb||44px|||\u00bb text_font_tablet=\u00bb|300|||||||\u00bb text_font_phone=\u00bb||||||||\u00bb text_font_last_edited=\u00bbon|phone\u00bb text_font_size_tablet=\u00bb41px\u00bb text_font_size_phone=\u00bb27px\u00bb text_font_size_last_edited=\u00bbon|phone\u00bb text_letter_spacing_tablet=\u00bb2px\u00bb text_letter_spacing_phone=\u00bb2px\u00bb text_letter_spacing_last_edited=\u00bbon|phone\u00bb text_line_height_tablet=\u00bb0.8em\u00bb text_line_height_phone=\u00bb1.1em\u00bb text_line_height_last_edited=\u00bbon|phone\u00bb global_colors_info=\u00bb{}\u00bb]<\/p>\n<p>Preguntas frecuentes<\/p>\n<p>[\/et_pb_text][\/et_pb_column][\/et_pb_row][et_pb_row column_structure=\u00bb1_2,1_2&#8243; use_custom_gutter=\u00bbon\u00bb gutter_width=\u00bb4&#8243; _builder_version=\u00bb3.25&#8243; global_colors_info=\u00bb{}\u00bb][et_pb_column type=\u00bb1_2&#8243; _builder_version=\u00bb3.25&#8243; custom_padding=\u00bb|||\u00bb global_colors_info=\u00bb{}\u00bb custom_padding__hover=\u00bb|||\u00bb][et_pb_text _builder_version=\u00bb4.14.5&#8243; text_font=\u00bbLato||||||||\u00bb text_text_color=\u00bb#393333&#8243; text_font_size=\u00bb17px\u00bb text_line_height=\u00bb1.8em\u00bb header_font=\u00bb||||||||\u00bb header_text_color=\u00bb#393333&#8243; header_4_font=\u00bbMontserrat|600|||||||\u00bb header_4_line_height=\u00bb1.4em\u00bb background_layout=\u00bbdark\u00bb max_width=\u00bb700px\u00bb module_alignment=\u00bbcenter\u00bb locked=\u00bboff\u00bb global_colors_info=\u00bb{}\u00bb]<\/p>\n<h4><span style=\"color: #333333;\">\u00bfQu\u00e9 tipos de actividades y eventos ofrecen?<\/span><\/h4>\n<p>Uni\u00f3n Activa propone experiencias especialmente pensadas para <strong data-start=\"730\" data-end=\"761\">personas mayores de 50 a\u00f1os<\/strong> que desean compartir, disfrutar y seguir creciendo.<br data-start=\"813\" data-end=\"816\" \/>Ofrecemos <strong data-start=\"826\" data-end=\"963\">caminatas en la naturaleza, salidas recreativas y culturales, talleres tem\u00e1ticos, eventos sociales y propuestas de bienestar integral<\/strong>.<br data-start=\"964\" data-end=\"967\" \/>Pod\u00e9s ver el listado completo en la secci\u00f3n <em data-start=\"1011\" data-end=\"1032\">Nuestras Propuestas<\/em>, donde se publican todas las actividades y novedades.<\/p>\n<p>&nbsp;<\/p>\n<p>[\/et_pb_text][et_pb_text _builder_version=\u00bb4.14.5&#8243; text_font=\u00bbLato||||||||\u00bb text_text_color=\u00bb#333333&#8243; text_font_size=\u00bb17px\u00bb text_line_height=\u00bb1.8em\u00bb header_font=\u00bb||||||||\u00bb header_4_font=\u00bbMontserrat|600|||||||\u00bb header_4_line_height=\u00bb1.4em\u00bb background_layout=\u00bbdark\u00bb max_width=\u00bb700px\u00bb module_alignment=\u00bbcenter\u00bb locked=\u00bboff\u00bb global_colors_info=\u00bb{}\u00bb]<\/p>\n<h4><span style=\"color: #333333;\">\u00bfC\u00f3mo puedo participar en las actividades y eventos presenciales?<\/span><\/h4>\n<p>Muy f\u00e1cil.<br data-start=\"1178\" data-end=\"1181\" \/>Pod\u00e9s inscribirte escribi\u00e9ndonos por cualquiera de nuestros canales.<br data-start=\"1249\" data-end=\"1252\" \/>Todas las experiencias est\u00e1n abiertas al p\u00fablico y cada participaci\u00f3n te integra de manera natural a la <strong data-start=\"1354\" data-end=\"1378\">Comunidad Uni\u00f3n Activa<\/strong>, el espacio donde seguimos compartiendo lo que nos hace bien.<\/p>\n<p>[\/et_pb_text][\/et_pb_column][et_pb_column type=\u00bb1_2&#8243; _builder_version=\u00bb3.25&#8243; custom_padding=\u00bb|||\u00bb global_colors_info=\u00bb{}\u00bb custom_padding__hover=\u00bb|||\u00bb][et_pb_text _builder_version=\u00bb4.14.5&#8243; text_font=\u00bbLato||||||||\u00bb text_text_color=\u00bb#4a4a4a\u00bb text_font_size=\u00bb17px\u00bb text_line_height=\u00bb1.8em\u00bb header_font=\u00bb||||||||\u00bb header_text_color=\u00bb#333333&#8243; header_4_font=\u00bbMontserrat|600|||||||\u00bb header_4_line_height=\u00bb1.4em\u00bb background_layout=\u00bbdark\u00bb max_width=\u00bb700px\u00bb module_alignment=\u00bbcenter\u00bb custom_margin=\u00bb||-3px|||\u00bb locked=\u00bboff\u00bb global_colors_info=\u00bb{}\u00bb]<\/p>\n<h4>\ud83e\udde1<span style=\"color: #333300;\"> \u00bfQu\u00e9 es la Comunidad Uni\u00f3n Activa y c\u00f3mo funciona?<\/span><\/h4>\n<p data-start=\"436\" data-end=\"672\">La <strong data-start=\"439\" data-end=\"465\">Comunidad Uni\u00f3n Activa<\/strong> es el espacio donde seguimos conectados quienes participamos de las actividades.<br data-start=\"546\" data-end=\"549\" \/>Cada vez que te sum\u00e1s a una caminata, un encuentro o una experiencia, tu lugar se mantiene activo dentro de la comunidad.<\/p>\n<p data-start=\"674\" data-end=\"812\">No hay cuotas ni compromisos formales.<br data-start=\"712\" data-end=\"715\" \/>Solo ganas de seguir compartiendo y encontrarte con personas que disfrutan de lo mismo que vos.<\/p>\n<p data-start=\"814\" data-end=\"919\">Si pasa un tiempo sin coincidir, pod\u00e9s volver a sumarte cuando quieras: la comunidad siempre te espera.<\/p>\n<p data-start=\"921\" data-end=\"1082\">Tambi\u00e9n pod\u00e9s elegir mantenerte cerca como <strong data-start=\"964\" data-end=\"997\">Amigo o Amiga de Uni\u00f3n Activa<\/strong>, recibiendo por WhatsApp o correo electr\u00f3nico las pr\u00f3ximas propuestas y novedades.<\/p>\n<p data-start=\"2043\" data-end=\"2108\">\ud83d\udc49 <em data-start=\"2046\" data-end=\"2108\">Conoc\u00e9 m\u00e1s sobre c\u00f3mo recibir las novedades de\u00a0 Uni\u00f3n Activa <\/em><a href=\"https:\/\/unionactiva.com\/index.php\/registro-suscripcion\/\">haciendo clic aqu\u00ed &gt;&gt;<\/a><\/p>\n<p>&nbsp;<\/p>\n<p>[\/et_pb_text][et_pb_text _builder_version=\u00bb4.14.5&#8243; text_font=\u00bbLato||||||||\u00bb text_text_color=\u00bb#4a4a4a\u00bb text_font_size=\u00bb17px\u00bb text_line_height=\u00bb1.8em\u00bb header_font=\u00bb||||||||\u00bb header_4_font=\u00bbMontserrat|600|||||||\u00bb header_4_line_height=\u00bb1.4em\u00bb background_layout=\u00bbdark\u00bb max_width=\u00bb700px\u00bb module_alignment=\u00bbcenter\u00bb locked=\u00bboff\u00bb global_colors_info=\u00bb{}\u00bb]<\/p>\n<h4><span style=\"color: #333333;\">\u00bfQu\u00e9 costos tienen las actividades en Uni\u00f3n Activa?<\/span><\/h4>\n<p data-start=\"2174\" data-end=\"2348\">Algunas actividades de Uni\u00f3n Activa son gratuitas, y otras tienen un valor que var\u00eda seg\u00fan la propuesta.<br data-start=\"2278\" data-end=\"2281\" \/>Cada experiencia detalla claramente su costo, lugar y beneficios.<\/p>\n<p data-start=\"2350\" data-end=\"2567\">No existen pagos peri\u00f3dicos ni aportes fijos: <strong data-start=\"2396\" data-end=\"2456\">solo abon\u00e1s las actividades en las que eleg\u00eds participar<\/strong>.<br data-start=\"2457\" data-end=\"2460\" \/>As\u00ed mantenemos la libertad de elegir cada experiencia y la posibilidad de seguir compartiendo a tu ritmo.<\/p>\n<p>[\/et_pb_text][\/et_pb_column][\/et_pb_row][\/et_pb_section]<\/p>\n","protected":false},"excerpt":{"rendered":"<p>Contacto\u00a1Hablemos! Ll\u00e1manos o env\u00edanos mensaje. El equipo de Union Activa est\u00e1 aqu\u00ed para atender cualquier inquietud o pregunta. \u00a1Estamos ansiosos por conocerte!+ 54 9 351 3918777+ 54 9 351 3918777hola@unionactiva.comPreguntas frecuentes\u00bfQu\u00e9 tipos de actividades y eventos ofrecen? Uni\u00f3n Activa propone experiencias especialmente pensadas para personas mayores de 50 a\u00f1os que desean compartir, disfrutar y seguir [&hellip;]<\/p>\n","protected":false},"author":1,"featured_media":0,"parent":0,"menu_order":0,"comment_status":"closed","ping_status":"closed","template":"","meta":{"_et_pb_use_builder":"on","_et_pb_old_content":"","_et_gb_content_width":"","_joinchat":[],"footnotes":""},"wf_page_folders":[74],"class_list":["post-8225","page","type-page","status-publish","hentry"],"_links":{"self":[{"href":"https:\/\/unionactiva.com\/index.php\/wp-json\/wp\/v2\/pages\/8225","targetHints":{"allow":["GET"]}}],"collection":[{"href":"https:\/\/unionactiva.com\/index.php\/wp-json\/wp\/v2\/pages"}],"about":[{"href":"https:\/\/unionactiva.com\/index.php\/wp-json\/wp\/v2\/types\/page"}],"author":[{"embeddable":true,"href":"https:\/\/unionactiva.com\/index.php\/wp-json\/wp\/v2\/users\/1"}],"replies":[{"embeddable":true,"href":"https:\/\/unionactiva.com\/index.php\/wp-json\/wp\/v2\/comments?post=8225"}],"version-history":[{"count":49,"href":"https:\/\/unionactiva.com\/index.php\/wp-json\/wp\/v2\/pages\/8225\/revisions"}],"predecessor-version":[{"id":13619,"href":"https:\/\/unionactiva.com\/index.php\/wp-json\/wp\/v2\/pages\/8225\/revisions\/13619"}],"wp:attachment":[{"href":"https:\/\/unionactiva.com\/index.php\/wp-json\/wp\/v2\/media?parent=8225"}],"wp:term":[{"taxonomy":"wf_page_folders","embeddable":true,"href":"https:\/\/unionactiva.com\/index.php\/wp-json\/wp\/v2\/wf_page_folders?post=8225"}],"curies":[{"name":"wp","href":"https:\/\/api.w.org\/{rel}","templated":true}]}}