{"id":18,"date":"2021-11-09T19:35:06","date_gmt":"2021-11-09T19:35:06","guid":{"rendered":"https:\/\/unionactiva.com\/?page_id=18"},"modified":"2026-04-24T12:07:34","modified_gmt":"2026-04-24T15:07:34","slug":"turismo-aventura","status":"publish","type":"page","link":"https:\/\/unionactiva.com\/","title":{"rendered":"Inicio"},"content":{"rendered":"<p>[et_pb_section fb_built=\u00bb1&#8243; fullwidth=\u00bbon\u00bb _builder_version=\u00bb4.14.5&#8243; _module_preset=\u00bbdefault\u00bb background_color=\u00bbRGBA(255,255,255,0)\u00bb background_image=\u00bbhttps:\/\/unionactiva.com\/wp-content\/uploads\/2024\/07\/encavezado-final.jpg\u00bb custom_margin=\u00bb|0px||0px|false|false\u00bb custom_padding=\u00bb0px|||0px|false|false\u00bb bottom_divider_style=\u00bbwaves2&#8243; bottom_divider_color=\u00bb#ffffff\u00bb bottom_divider_repeat=\u00bb1x\u00bb global_colors_info=\u00bb{}\u00bb][et_pb_fullwidth_header title=\u00bbExperiencias +50 para compartir y conocer personas\u00bb button_one_text=\u00bbVer pr\u00f3ximas propuestas\u00bb button_one_url=\u00bbhttps:\/\/unionactiva.com\/index.php\/experiencias\/\u00bb _builder_version=\u00bb4.14.5&#8243; _module_preset=\u00bbdefault\u00bb title_font=\u00bbMontserrat|800|||||||\u00bb title_text_align=\u00bbleft\u00bb title_font_size=\u00bb33px\u00bb content_font=\u00bbLato|700|||||||\u00bb content_font_size=\u00bb22px\u00bb content_letter_spacing=\u00bb1px\u00bb subhead_font=\u00bbLato|700|||||||\u00bb subhead_text_align=\u00bbleft\u00bb subhead_font_size=\u00bb23px\u00bb background_color=\u00bbRGBA(255,255,255,0)\u00bb custom_button_one=\u00bbon\u00bb button_one_text_size=\u00bb21px\u00bb button_one_bg_color=\u00bb#ff9900&#8243; button_one_border_width=\u00bb0px\u00bb button_one_border_radius=\u00bb10px\u00bb button_one_letter_spacing=\u00bb2px\u00bb button_one_font=\u00bbMontserrat|700|||||||\u00bb button_one_use_icon=\u00bboff\u00bb button_one_custom_margin=\u00bb60px||0px|0px|false|false\u00bb custom_margin=\u00bb|0px||0px|false|false\u00bb custom_padding=\u00bb150px|0px|113px|0px|false|false\u00bb title_text_shadow_style=\u00bbpreset3&#8243; title_text_shadow_color=\u00bb#333333&#8243; content_text_shadow_style=\u00bbpreset3&#8243; content_text_shadow_color=\u00bb#333333&#8243; box_shadow_style_button_one=\u00bbpreset1&#8243; global_colors_info=\u00bb{}\u00bb]<\/p>\n<p>Caminatas en la naturaleza, encuentros sociales y propuestas cuidadas para personas mayores de 50 a\u00f1os en C\u00f3rdoba.<\/p>\n<p>[\/et_pb_fullwidth_header][\/et_pb_section][et_pb_section fb_built=\u00bb1&#8243; disabled_on=\u00bboff|off|off\u00bb admin_label=\u00bbAbout Me\u00bb _builder_version=\u00bb4.13.0&#8243; custom_padding=\u00bb82px|0px|0|0px|false|false\u00bb global_colors_info=\u00bb{}\u00bb][et_pb_row column_structure=\u00bb1_4,3_4&#8243; use_custom_gutter=\u00bbon\u00bb padding_top_bottom_link_2=\u00bbtrue\u00bb padding_left_right_link_2=\u00bbtrue\u00bb _builder_version=\u00bb4.14.5&#8243; max_width=\u00bb80%\u00bb custom_margin=\u00bb|0px||\u00bb custom_margin_tablet=\u00bb|10%||10%||true\u00bb custom_margin_phone=\u00bb\u00bb custom_margin_last_edited=\u00bbon|tablet\u00bb custom_padding=\u00bb100px|0px|0|0px|false|false\u00bb use_custom_width=\u00bbon\u00bb width_unit=\u00bboff\u00bb global_colors_info=\u00bb{}\u00bb][et_pb_column type=\u00bb1_4&#8243; _builder_version=\u00bb3.25&#8243; custom_padding=\u00bb|||\u00bb global_colors_info=\u00bb{}\u00bb custom_padding__hover=\u00bb|||\u00bb][et_pb_image src=\u00bbhttps:\/\/unionactiva.com\/wp-content\/uploads\/2024\/07\/amigos-50-60-final2.webp\u00bb title_text=\u00bbamigos-50-60-final2&#8243; align_tablet=\u00bbcenter\u00bb align_phone=\u00bbcenter\u00bb align_last_edited=\u00bbon|desktop\u00bb _builder_version=\u00bb4.14.5&#8243; transform_scale=\u00bb127%|127%\u00bb transform_scale_tablet=\u00bb118%|118%\u00bb transform_scale_phone=\u00bb103%|103%\u00bb transform_scale_last_edited=\u00bbon|phone\u00bb transform_translate=\u00bb-4px|53px\u00bb transform_translate_tablet=\u00bb-4px|25px\u00bb transform_translate_phone=\u00bb0px|25px\u00bb transform_translate_last_edited=\u00bbon|desktop\u00bb transform_translate_linked=\u00bboff\u00bb transform_rotate_tablet=\u00bb\u00bb transform_rotate_phone=\u00bb\u00bb transform_rotate_last_edited=\u00bbon|desktop\u00bb transform_skew_tablet=\u00bb\u00bb transform_skew_phone=\u00bb\u00bb transform_skew_last_edited=\u00bbon|desktop\u00bb transform_origin=\u00bb100%|100%\u00bb transform_origin_tablet=\u00bb100%|100%\u00bb transform_origin_phone=\u00bb100%|100%\u00bb transform_origin_last_edited=\u00bbon|desktop\u00bb transform_styles_last_edited=\u00bbon|phone\u00bb width_tablet=\u00bb\u00bb width_phone=\u00bb97%\u00bb width_last_edited=\u00bbon|desktop\u00bb custom_margin=\u00bb-60px|-50%||\u00bb custom_margin_tablet=\u00bb|0%||\u00bb custom_margin_phone=\u00bb\u00bb custom_margin_last_edited=\u00bbon|tablet\u00bb animation_style=\u00bbslide\u00bb animation_direction=\u00bbright\u00bb animation_intensity_slide=\u00bb5%\u00bb transform_styles_tablet=\u00bb\u00bb transform_styles_phone=\u00bb\u00bb animation_duration_tablet=\u00bb\u00bb animation_duration_phone=\u00bb0ms\u00bb animation_duration_last_edited=\u00bbon|desktop\u00bb global_colors_info=\u00bb{}\u00bb][\/et_pb_image][\/et_pb_column][et_pb_column type=\u00bb3_4&#8243; _builder_version=\u00bb4.14.5&#8243; background_color=\u00bb#76c7c0&#8243; custom_padding=\u00bb40px|60px|40px|60px\u00bb custom_padding_tablet=\u00bb40px|60px|40px|60px\u00bb custom_padding_phone=\u00bb|40px||40px||true\u00bb custom_padding_last_edited=\u00bbon|phone\u00bb global_colors_info=\u00bb{}\u00bb padding_phone=\u00bb|40px||40px||true\u00bb padding_last_edited=\u00bbon|phone\u00bb custom_padding__hover=\u00bb|||\u00bb][et_pb_text _builder_version=\u00bb4.14.5&#8243; _module_preset=\u00bbdefault\u00bb text_font=\u00bbMontserrat|700|||||||\u00bb text_text_color=\u00bb#ffffff\u00bb text_font_size=\u00bb30px\u00bb text_letter_spacing=\u00bb2px\u00bb text_line_height=\u00bb1.1em\u00bb custom_margin=\u00bb||44px|||\u00bb text_font_tablet=\u00bb|300|||||||\u00bb text_font_phone=\u00bb||||||||\u00bb text_font_last_edited=\u00bbon|phone\u00bb text_font_size_tablet=\u00bb41px\u00bb text_font_size_phone=\u00bb27px\u00bb text_font_size_last_edited=\u00bbon|phone\u00bb text_letter_spacing_tablet=\u00bb2px\u00bb text_letter_spacing_phone=\u00bb2px\u00bb text_letter_spacing_last_edited=\u00bbon|phone\u00bb text_line_height_tablet=\u00bb0.8em\u00bb text_line_height_phone=\u00bb1.1em\u00bb text_line_height_last_edited=\u00bbon|phone\u00bb global_colors_info=\u00bb{}\u00bb]<\/p>\n<p>Conocer personas +50 puede ser m\u00e1s simple<\/p>\n<p>[\/et_pb_text][et_pb_text _builder_version=\u00bb4.14.5&#8243; _module_preset=\u00bbdefault\u00bb text_font=\u00bbLato||||||||\u00bb text_text_color=\u00bb#ffffff\u00bb text_font_size=\u00bb22px\u00bb custom_margin=\u00bb||82px|||\u00bb global_colors_info=\u00bb{}\u00bb]<\/p>\n<p data-start=\"2368\" data-end=\"2466\">Muchas personas quieren hacer algo distinto y ampliar su c\u00edrculo, pero no siempre encuentran c\u00f3mo.<\/p>\n<p data-start=\"2468\" data-end=\"2569\">Uni\u00f3n Activa propone experiencias cuidadas para que compartir, conversar y sumarte se vuelva natural.<\/p>\n<p>[\/et_pb_text][et_pb_button button_url=\u00bbhttps:\/\/unionactiva.com\/index.php\/experiencias\/\u00bb url_new_window=\u00bbon\u00bb button_text=\u00bbVer propuestas\u00bb button_alignment_tablet=\u00bb\u00bb button_alignment_phone=\u00bbcenter\u00bb button_alignment_last_edited=\u00bbon|phone\u00bb _builder_version=\u00bb4.14.5&#8243; custom_button=\u00bbon\u00bb button_text_size=\u00bb17px\u00bb button_text_color=\u00bb#ffffff\u00bb button_bg_color=\u00bb#ff9900&#8243; button_border_color=\u00bbrgba(0,0,0,0)\u00bb button_border_radius=\u00bb12px\u00bb button_letter_spacing=\u00bb2px\u00bb button_font=\u00bbMontserrat|||on|||||\u00bb custom_margin=\u00bb||-60px|\u00bb custom_padding=\u00bb16px|30px|16px|30px|true|true\u00bb custom_padding_tablet=\u00bb16px|30px|16px|30px|true|true\u00bb custom_padding_phone=\u00bb|20px||20px|true|true\u00bb custom_padding_last_edited=\u00bbon|phone\u00bb button_text_size_tablet=\u00bb14px\u00bb button_text_size_phone=\u00bb12px\u00bb button_text_size_last_edited=\u00bbon|phone\u00bb box_shadow_style=\u00bbpreset3&#8243; box_shadow_color=\u00bbrgba(127,141,255,0.4)\u00bb button_letter_spacing_hover=\u00bb2px\u00bb locked=\u00bboff\u00bb global_colors_info=\u00bb{}\u00bb button_text_size__hover_enabled=\u00bboff\u00bb button_one_text_size__hover_enabled=\u00bboff\u00bb button_two_text_size__hover_enabled=\u00bboff\u00bb button_text_color__hover_enabled=\u00bboff\u00bb button_one_text_color__hover_enabled=\u00bboff\u00bb button_two_text_color__hover_enabled=\u00bboff\u00bb button_border_width__hover_enabled=\u00bboff\u00bb button_one_border_width__hover_enabled=\u00bboff\u00bb button_two_border_width__hover_enabled=\u00bboff\u00bb button_border_color__hover_enabled=\u00bboff\u00bb button_one_border_color__hover_enabled=\u00bboff\u00bb button_two_border_color__hover_enabled=\u00bboff\u00bb button_border_radius__hover_enabled=\u00bboff\u00bb button_one_border_radius__hover_enabled=\u00bboff\u00bb button_two_border_radius__hover_enabled=\u00bboff\u00bb button_letter_spacing__hover_enabled=\u00bbon\u00bb button_letter_spacing__hover=\u00bb2px\u00bb button_one_letter_spacing__hover_enabled=\u00bboff\u00bb button_two_letter_spacing__hover_enabled=\u00bboff\u00bb button_bg_color__hover_enabled=\u00bboff\u00bb button_one_bg_color__hover_enabled=\u00bboff\u00bb button_two_bg_color__hover_enabled=\u00bboff\u00bb][\/et_pb_button][\/et_pb_column][\/et_pb_row][\/et_pb_section][et_pb_section fb_built=\u00bb1&#8243; custom_padding_last_edited=\u00bbon|tablet\u00bb admin_label=\u00bbHow it Works\u00bb _builder_version=\u00bb4.13.0&#8243; background_enable_image=\u00bboff\u00bb parallax=\u00bbon\u00bb custom_padding=\u00bb1px|0px|1px|0px|true|false\u00bb custom_padding_tablet=\u00bb40px||40px||true\u00bb custom_padding_phone=\u00bb\u00bb hover_enabled=\u00bb0&#8243; global_colors_info=\u00bb{}\u00bb sticky_enabled=\u00bb0&#8243;][et_pb_row custom_padding_last_edited=\u00bbon|phone\u00bb _builder_version=\u00bb4.14.5&#8243; custom_padding=\u00bb164px||12px||false|false\u00bb custom_padding_tablet=\u00bb129px||||false|false\u00bb custom_padding_phone=\u00bb50px||||false|false\u00bb locked=\u00bboff\u00bb global_colors_info=\u00bb{}\u00bb][et_pb_column type=\u00bb4_4&#8243; _builder_version=\u00bb3.25&#8243; custom_padding=\u00bb|||\u00bb global_colors_info=\u00bb{}\u00bb custom_padding__hover=\u00bb|||\u00bb][et_pb_text _builder_version=\u00bb4.14.5&#8243; _module_preset=\u00bbdefault\u00bb text_font=\u00bbMontserrat|700|||||||\u00bb text_text_color=\u00bb#666666&#8243; text_font_size=\u00bb40px\u00bb text_letter_spacing=\u00bb2px\u00bb text_line_height=\u00bb0.8em\u00bb text_orientation=\u00bbcenter\u00bb custom_margin=\u00bb||44px|||\u00bb text_font_tablet=\u00bb|300|||||||\u00bb text_font_phone=\u00bb||||||||\u00bb text_font_last_edited=\u00bbon|phone\u00bb text_font_size_tablet=\u00bb41px\u00bb text_font_size_phone=\u00bb27px\u00bb text_font_size_last_edited=\u00bbon|phone\u00bb text_letter_spacing_tablet=\u00bb2px\u00bb text_letter_spacing_phone=\u00bb2px\u00bb text_letter_spacing_last_edited=\u00bbon|phone\u00bb text_line_height_tablet=\u00bb0.8em\u00bb text_line_height_phone=\u00bb1.1em\u00bb text_line_height_last_edited=\u00bbon|phone\u00bb global_colors_info=\u00bb{}\u00bb]<\/p>\n<p>\u00bf Porqu\u00e9 elegir Uni\u00f3n Activa ?<\/p>\n<p>[\/et_pb_text][\/et_pb_column][\/et_pb_row][et_pb_row disabled_on=\u00bbon|on|off\u00bb _builder_version=\u00bb4.14.5&#8243; _module_preset=\u00bbdefault\u00bb custom_padding=\u00bb||87px|||\u00bb global_colors_info=\u00bb{}\u00bb][et_pb_column type=\u00bb4_4&#8243; _builder_version=\u00bb4.14.5&#8243; _module_preset=\u00bbdefault\u00bb global_colors_info=\u00bb{}\u00bb][et_pb_code _builder_version=\u00bb4.14.5&#8243; _module_preset=\u00bbdefault\u00bb global_colors_info=\u00bb{}\u00bb custom_margin=\u00bb-32px|||||\u00bb]<\/p>\n<section class=\"ua-beneficios\"><!-- [et_pb_line_break_holder] --><!-- [et_pb_line_break_holder] -->  <\/p>\n<div class=\"ua-beneficios-grid\"><!-- [et_pb_line_break_holder] --><!-- [et_pb_line_break_holder] -->    <\/p>\n<div class=\"ua-beneficio\"><!-- [et_pb_line_break_holder] -->      <\/p>\n<div class=\"ua-icono\">\u2713<\/div>\n<p><!-- [et_pb_line_break_holder] -->      <\/p>\n<h3>Ven\u00eds a disfrutar<\/h3>\n<p><!-- [et_pb_line_break_holder] -->      <pee>Experiencias organizadas para que solo tengas que venir, relajarte y pasarla bien.<\/pee><!-- [et_pb_line_break_holder] -->    <\/div>\n<p><!-- [et_pb_line_break_holder] --><!-- [et_pb_line_break_holder] -->    <\/p>\n<div class=\"ua-beneficio\"><!-- [et_pb_line_break_holder] -->      <\/p>\n<div class=\"ua-icono\">+<\/div>\n<p><!-- [et_pb_line_break_holder] -->      <\/p>\n<h3>Personas +50 afines<\/h3>\n<p><!-- [et_pb_line_break_holder] -->      <pee>Compart\u00eds con personas mayores de 50 a\u00f1os, con ganas de disfrutar y conocer nuevas personas.<\/pee><!-- [et_pb_line_break_holder] -->    <\/div>\n<p><!-- [et_pb_line_break_holder] --><!-- [et_pb_line_break_holder] -->    <\/p>\n<div class=\"ua-beneficio\"><!-- [et_pb_line_break_holder] -->      <\/p>\n<div class=\"ua-icono\">\u2661<\/div>\n<p><!-- [et_pb_line_break_holder] -->      <\/p>\n<h3>M\u00e1s f\u00e1cil integrarse<\/h3>\n<p><!-- [et_pb_line_break_holder] -->      <pee>El clima, la coordinaci\u00f3n y la propuesta ayudan a que integrarte resulte m\u00e1s f\u00e1cil desde el inicio.<\/pee><!-- [et_pb_line_break_holder] -->    <\/div>\n<p><!-- [et_pb_line_break_holder] --><!-- [et_pb_line_break_holder] -->  <\/div>\n<p><!-- [et_pb_line_break_holder] --><\/section>\n<p><!-- [et_pb_line_break_holder] --><!-- [et_pb_line_break_holder] --><\/p>\n<style><!-- [et_pb_line_break_holder] -->.ua-beneficios {<!-- [et_pb_line_break_holder] -->  padding: 50px 20px 60px;<!-- [et_pb_line_break_holder] -->  background: #ffffff;<!-- [et_pb_line_break_holder] -->  text-align: center;<!-- [et_pb_line_break_holder] -->  font-family: inherit;<!-- [et_pb_line_break_holder] -->}<!-- [et_pb_line_break_holder] --><!-- [et_pb_line_break_holder] -->.ua-beneficios-grid {<!-- [et_pb_line_break_holder] -->  max-width: 1120px;<!-- [et_pb_line_break_holder] -->  margin: 0 auto;<!-- [et_pb_line_break_holder] -->  display: grid;<!-- [et_pb_line_break_holder] -->  grid-template-columns: repeat(3, 1fr);<!-- [et_pb_line_break_holder] -->  gap: 55px;<!-- [et_pb_line_break_holder] -->}<!-- [et_pb_line_break_holder] --><!-- [et_pb_line_break_holder] -->.ua-beneficio {<!-- [et_pb_line_break_holder] -->  padding: 10px 18px;<!-- [et_pb_line_break_holder] -->}<!-- [et_pb_line_break_holder] --><!-- [et_pb_line_break_holder] -->.ua-icono {<!-- [et_pb_line_break_holder] -->  width: 62px;<!-- [et_pb_line_break_holder] -->  height: 62px;<!-- [et_pb_line_break_holder] -->  margin: 0 auto 22px;<!-- [et_pb_line_break_holder] -->  border-radius: 50%;<!-- [et_pb_line_break_holder] -->  background: #ff9900;<!-- [et_pb_line_break_holder] -->  color: #ffffff;<!-- [et_pb_line_break_holder] -->  font-size: 34px;<!-- [et_pb_line_break_holder] -->  line-height: 62px;<!-- [et_pb_line_break_holder] -->  font-weight: 700;<!-- [et_pb_line_break_holder] -->  text-align: center;<!-- [et_pb_line_break_holder] -->}<!-- [et_pb_line_break_holder] --><!-- [et_pb_line_break_holder] -->.ua-beneficio h3 {<!-- [et_pb_line_break_holder] -->  font-size: 23px;<!-- [et_pb_line_break_holder] -->  color: #5f6368;<!-- [et_pb_line_break_holder] -->  font-weight: 700;<!-- [et_pb_line_break_holder] -->  margin-bottom: 12px;<!-- [et_pb_line_break_holder] -->}<!-- [et_pb_line_break_holder] --><!-- [et_pb_line_break_holder] -->.ua-beneficio p {<!-- [et_pb_line_break_holder] -->  font-size: 17px;<!-- [et_pb_line_break_holder] -->  line-height: 1.45;<!-- [et_pb_line_break_holder] -->  color: #5f6368;<!-- [et_pb_line_break_holder] -->  margin: 0 auto;<!-- [et_pb_line_break_holder] -->  max-width: 300px;<!-- [et_pb_line_break_holder] -->}<!-- [et_pb_line_break_holder] --><!-- [et_pb_line_break_holder] -->@media (max-width: 980px) {<!-- [et_pb_line_break_holder] -->  .ua-beneficios-grid {<!-- [et_pb_line_break_holder] -->    grid-template-columns: 1fr;<!-- [et_pb_line_break_holder] -->    gap: 38px;<!-- [et_pb_line_break_holder] -->  }<!-- [et_pb_line_break_holder] --><!-- [et_pb_line_break_holder] -->  .ua-beneficio h3 {<!-- [et_pb_line_break_holder] -->    font-size: 22px;<!-- [et_pb_line_break_holder] -->  }<!-- [et_pb_line_break_holder] --><!-- [et_pb_line_break_holder] -->  .ua-beneficio p {<!-- [et_pb_line_break_holder] -->    font-size: 16px;<!-- [et_pb_line_break_holder] -->  }<!-- [et_pb_line_break_holder] -->}<!-- [et_pb_line_break_holder] --><\/style>\n<p>[\/et_pb_code][\/et_pb_column][\/et_pb_row][\/et_pb_section][et_pb_section fb_built=\u00bb1&#8243; fullwidth=\u00bbon\u00bb _builder_version=\u00bb4.13.0&#8243; _module_preset=\u00bbdefault\u00bb background_enable_image=\u00bboff\u00bb custom_margin=\u00bb0px||||false|false\u00bb custom_margin_tablet=\u00bb0px||||false|false\u00bb custom_margin_phone=\u00bb75px||||false|false\u00bb custom_margin_last_edited=\u00bbon|phone\u00bb global_colors_info=\u00bb{}\u00bb][et_pb_fullwidth_header title=\u00bbCuando nos encontramos\u00bb subhead=\u00bbExperiencias compartidas que dejan ganas de volver a estar\u00bb text_orientation=\u00bbcenter\u00bb header_fullscreen=\u00bbon\u00bb button_one_text=\u00bbConocer las propuestas\u00bb button_one_url=\u00bbhttps:\/\/unionactiva.com\/index.php\/experiencias\/\u00bb background_overlay_color=\u00bbrgba(255,128,26,0.27)\u00bb _builder_version=\u00bb4.14.5&#8243; _module_preset=\u00bbdefault\u00bb title_text_align=\u00bbcenter\u00bb title_font_size=\u00bb46px\u00bb subhead_font=\u00bbLato||||||||\u00bb subhead_font_size=\u00bb19px\u00bb subhead_letter_spacing=\u00bb1px\u00bb background_color=\u00bb#333333&#8243; background_image=\u00bbhttps:\/\/unionactiva.com\/wp-content\/uploads\/2024\/04\/Encavezado4.webp\u00bb background_blend=\u00bbmultiply\u00bb custom_button_one=\u00bbon\u00bb button_one_text_size=\u00bb26px\u00bb button_one_text_color=\u00bb#FFFFFF\u00bb button_one_border_radius=\u00bb13px\u00bb module_alignment=\u00bbcenter\u00bb custom_padding=\u00bb||0px|||\u00bb title_font_size_tablet=\u00bb46px\u00bb title_font_size_phone=\u00bb44px\u00bb title_font_size_last_edited=\u00bbon|phone\u00bb button_one_text_size_tablet=\u00bb26px\u00bb button_one_text_size_phone=\u00bb20px\u00bb button_one_text_size_last_edited=\u00bbon|phone\u00bb module_alignment_tablet=\u00bbcenter\u00bb module_alignment_phone=\u00bbcenter\u00bb module_alignment_last_edited=\u00bbon|phone\u00bb title_text_shadow_style=\u00bbpreset1&#8243; global_colors_info=\u00bb{}\u00bb background_overlay_color__hover_enabled=\u00bbon|desktop\u00bb background_overlay_color__hover=\u00bbrgba(255,128,26,0.27)\u00bb][\/et_pb_fullwidth_header][\/et_pb_section][et_pb_section fb_built=\u00bb1&#8243; _builder_version=\u00bb4.14.5&#8243; _module_preset=\u00bbdefault\u00bb min_height=\u00bb546px\u00bb global_colors_info=\u00bb{}\u00bb][et_pb_row column_structure=\u00bb1_3,2_3&#8243; _builder_version=\u00bb4.14.5&#8243; _module_preset=\u00bbdefault\u00bb global_colors_info=\u00bb{}\u00bb][et_pb_column type=\u00bb1_3&#8243; _builder_version=\u00bb4.14.5&#8243; _module_preset=\u00bbdefault\u00bb global_colors_info=\u00bb{}\u00bb][et_pb_image src=\u00bbhttps:\/\/unionactiva.com\/wp-content\/uploads\/2026\/01\/privacidad.png\u00bb title_text=\u00bbamistad+50 grupos conexi\u00f3n\u00bb align=\u00bbcenter\u00bb _builder_version=\u00bb4.14.5&#8243; _module_preset=\u00bbdefault\u00bb width=\u00bb81%\u00bb max_height=\u00bb865px\u00bb global_colors_info=\u00bb{}\u00bb][\/et_pb_image][\/et_pb_column][et_pb_column type=\u00bb2_3&#8243; _builder_version=\u00bb4.14.5&#8243; _module_preset=\u00bbdefault\u00bb global_colors_info=\u00bb{}\u00bb][et_pb_text _builder_version=\u00bb4.14.5&#8243; _module_preset=\u00bbdefault\u00bb text_font=\u00bbMontserrat|700|||||||\u00bb text_font_size=\u00bb35px\u00bb text_line_height_tablet=\u00bb\u00bb text_line_height_phone=\u00bb1.8em\u00bb text_line_height_last_edited=\u00bbon|phone\u00bb global_colors_info=\u00bb{}\u00bb]<\/p>\n<p data-start=\"176\" data-end=\"212\"><strong data-start=\"190\" data-end=\"212\">Un espacio cuidado<\/strong><\/p>\n<p data-start=\"214\" data-end=\"365\">[\/et_pb_text][et_pb_text _builder_version=\u00bb4.14.5&#8243; _module_preset=\u00bbdefault\u00bb text_font=\u00bbLato||||||||\u00bb text_font_size=\u00bb20px\u00bb custom_margin=\u00bb52px|||||\u00bb custom_padding=\u00bb||0px|||\u00bb global_colors_info=\u00bb{}\u00bb]<\/p>\n<p data-start=\"214\" data-end=\"365\">En Uni\u00f3n Activa, cada propuesta est\u00e1 pensada y acompa\u00f1ada con atenci\u00f3n al detalle, al clima del grupo y al bienestar de quienes participan<\/p>\n<p data-start=\"367\" data-end=\"562\">Ese cuidado tambi\u00e9n se refleja en c\u00f3mo gestionamos la informaci\u00f3n personal: con respeto, confidencialidad y criterios claros, para que puedas participar con tranquilidad desde el primer contacto.<\/p>\n<p data-start=\"564\" data-end=\"679\">Porque disfrutar una experiencia tambi\u00e9n implica saber que est\u00e1s en un espacio confiable, humano y bien organizado.<\/p>\n<p>[\/et_pb_text][\/et_pb_column][\/et_pb_row][\/et_pb_section][et_pb_section fb_built=\u00bb1&#8243; fullwidth=\u00bbon\u00bb _builder_version=\u00bb4.14.5&#8243; _module_preset=\u00bbdefault\u00bb background_color=\u00bb#f0f0f0&#8243; global_colors_info=\u00bb{}\u00bb][et_pb_fullwidth_header title=\u00bb\u00bfQuer\u00e9s enterarte de nuevas propuestas?\u00bb text_orientation=\u00bbcenter\u00bb button_one_text=\u00bbRecibir novedades\u00bb button_one_url=\u00bbhttps:\/\/unionactiva.com\/index.php\/registro-suscripcion\/\u00bb button_two_text=\u00bbCont\u00e1ctanos\u00bb button_two_url=\u00bbhttps:\/\/unionactiva.com\/index.php\/contacto\/\u00bb _builder_version=\u00bb4.14.5&#8243; _module_preset=\u00bbdefault\u00bb title_font=\u00bbMontserrat||||||||\u00bb title_text_align=\u00bbcenter\u00bb title_text_color=\u00bb#ffffff\u00bb title_font_size=\u00bb34px\u00bb content_font=\u00bbLato||||||||\u00bb content_text_align=\u00bbcenter\u00bb content_text_color=\u00bb#4a4a4a\u00bb content_font_size=\u00bb20px\u00bb background_color=\u00bb#76c7c0&#8243; custom_button_one=\u00bbon\u00bb button_one_text_size=\u00bb19px\u00bb button_one_bg_color=\u00bb#ff9900&#8243; button_one_border_width=\u00bb2px\u00bb button_one_border_color=\u00bb#ff9900&#8243; button_one_border_radius=\u00bb11px\u00bb button_one_letter_spacing=\u00bb0px\u00bb button_one_font=\u00bbMontserrat||||||||\u00bb custom_button_two=\u00bbon\u00bb button_two_text_size=\u00bb19px\u00bb button_two_bg_color=\u00bb#4a4a4a\u00bb button_two_border_width=\u00bb2px\u00bb button_two_border_color=\u00bb#4a4a4a\u00bb button_two_border_radius=\u00bb11px\u00bb button_two_font=\u00bbMontserrat||||||||\u00bb custom_margin=\u00bb0px|||0px|false|false\u00bb custom_padding=\u00bb|||0px|false|false\u00bb global_colors_info=\u00bb{}\u00bb]<\/p>\n<p data-pm-slice=\"1 1 []\"><span style=\"color: #ffffff;\">Recib\u00ed pr\u00f3ximas fechas y novedades de Uni\u00f3n Activa por WhatsApp.<\/span><\/p>\n<p>[\/et_pb_fullwidth_header][\/et_pb_section]<\/p>\n","protected":false},"excerpt":{"rendered":"<p>Caminatas en la naturaleza, encuentros sociales y propuestas cuidadas para personas mayores de 50 a\u00f1os en C\u00f3rdoba.Conocer personas +50 puede ser m\u00e1s simpleMuchas personas quieren hacer algo distinto y ampliar su c\u00edrculo, pero no siempre encuentran c\u00f3mo. Uni\u00f3n Activa propone experiencias cuidadas para que compartir, conversar y sumarte se vuelva natural.\u00bf Porqu\u00e9 elegir Uni\u00f3n Activa [&hellip;]<\/p>\n","protected":false},"author":1,"featured_media":0,"parent":0,"menu_order":0,"comment_status":"closed","ping_status":"closed","template":"","meta":{"_et_pb_use_builder":"on","_et_pb_old_content":"","_et_gb_content_width":"","_joinchat":[],"footnotes":""},"wf_page_folders":[74],"class_list":["post-18","page","type-page","status-publish","hentry"],"_links":{"self":[{"href":"https:\/\/unionactiva.com\/index.php\/wp-json\/wp\/v2\/pages\/18","targetHints":{"allow":["GET"]}}],"collection":[{"href":"https:\/\/unionactiva.com\/index.php\/wp-json\/wp\/v2\/pages"}],"about":[{"href":"https:\/\/unionactiva.com\/index.php\/wp-json\/wp\/v2\/types\/page"}],"author":[{"embeddable":true,"href":"https:\/\/unionactiva.com\/index.php\/wp-json\/wp\/v2\/users\/1"}],"replies":[{"embeddable":true,"href":"https:\/\/unionactiva.com\/index.php\/wp-json\/wp\/v2\/comments?post=18"}],"version-history":[{"count":985,"href":"https:\/\/unionactiva.com\/index.php\/wp-json\/wp\/v2\/pages\/18\/revisions"}],"predecessor-version":[{"id":13618,"href":"https:\/\/unionactiva.com\/index.php\/wp-json\/wp\/v2\/pages\/18\/revisions\/13618"}],"wp:attachment":[{"href":"https:\/\/unionactiva.com\/index.php\/wp-json\/wp\/v2\/media?parent=18"}],"wp:term":[{"taxonomy":"wf_page_folders","embeddable":true,"href":"https:\/\/unionactiva.com\/index.php\/wp-json\/wp\/v2\/wf_page_folders?post=18"}],"curies":[{"name":"wp","href":"https:\/\/api.w.org\/{rel}","templated":true}]}}